{"id":12222,"date":"2024-08-03T15:06:18","date_gmt":"2024-08-03T15:06:18","guid":{"rendered":"https:\/\/clcsite.com\/wpstore1\/product\/helmets-lensmotorcycle-anti-uv-anti-scratch-helmets-lens-retro-fashion-visor-wind-shield-lens-universal-for-standard-3-snap-open-face-helmets\/"},"modified":"2024-08-03T15:06:18","modified_gmt":"2024-08-03T15:06:18","slug":"helmets-lensmotorcycle-anti-uv-anti-scratch-helmets-lens-retro-fashion-visor-wind-shield-lens-universal-for-standard-3-snap-open-face-helmets","status":"publish","type":"product","link":"https:\/\/clcsite.com\/wpstore1\/product\/helmets-lensmotorcycle-anti-uv-anti-scratch-helmets-lens-retro-fashion-visor-wind-shield-lens-universal-for-standard-3-snap-open-face-helmets\/","title":{"rendered":"Helmets Lens,Motorcycle Anti-UV Anti-Scratch Helmets Lens Retro Fashion Visor Wind Shield Lens Universal for Standard 3-Snap Open Face Helmets"},"content":{"rendered":"<p><br \/>\nPrice: <span style=\"color:#b12704\">$13.36<\/span><br \/><i><small>(as of Aug 03, 2024 15:06:18 UTC &#8211; <span class=\"wp_automatic_amazon_disclaimer\" title=\"Product prices and availability are accurate as of the date\/time indicated and are subject to change. Any price and availability information displayed on [relevant Amazon Site(s), as applicable] at the time of purchase will apply to the purchase of this product.\">Details<\/span>)<\/small><\/i><\/p>\n<p><br \/>\n <span>BUZHI Helmets Lens Motorcycle Anti UV Anti Scratch Helmets Lens Retro Fashion Visor Wind Shield Lens Universal for Standard 3 Snap Open Face Helmets BUZHI Lentes de casco para motocicleta anti rayos UV antiara\u00f1azos lente retro de moda visera de protecci\u00f3n contra el viento lente universal para cascos est\u00e1ndar de 3 ranuras<\/span>  <\/p>\n\n","protected":false},"excerpt":{"rendered":"<p> BUZHI Helmets Lens Motorcycle Anti UV Anti Scratch Helmets Lens Retro Fashion Visor Wind Shield Lens Universal for Standard 3 Snap Open Face Helmets BUZHI Lentes de casco para motocicleta anti rayos UV antiara\u00f1azos lente retro de moda visera de protecci\u00f3n contra el viento lente universal para cascos est\u00e1ndar de [&hellip;]<\/p>\n","protected":false},"featured_media":12223,"comment_status":"open","ping_status":"closed","template":"","meta":{"_gspb_post_css":""},"store":[],"product_brand":[],"product_cat":[197],"product_tag":[143],"class_list":{"0":"post-12222","1":"product","2":"type-product","3":"status-publish","4":"has-post-thumbnail","6":"product_cat-motorcycle-helmets","7":"product_tag-women-shoes","9":"first","10":"instock","11":"shipping-taxable","12":"product-type-external"},"jetpack_sharing_enabled":true,"_links":{"self":[{"href":"https:\/\/clcsite.com\/wpstore1\/wp-json\/wp\/v2\/product\/12222","targetHints":{"allow":["GET"]}}],"collection":[{"href":"https:\/\/clcsite.com\/wpstore1\/wp-json\/wp\/v2\/product"}],"about":[{"href":"https:\/\/clcsite.com\/wpstore1\/wp-json\/wp\/v2\/types\/product"}],"replies":[{"embeddable":true,"href":"https:\/\/clcsite.com\/wpstore1\/wp-json\/wp\/v2\/comments?post=12222"}],"wp:featuredmedia":[{"embeddable":true,"href":"https:\/\/clcsite.com\/wpstore1\/wp-json\/wp\/v2\/media\/12223"}],"wp:attachment":[{"href":"https:\/\/clcsite.com\/wpstore1\/wp-json\/wp\/v2\/media?parent=12222"}],"wp:term":[{"taxonomy":"store","embeddable":true,"href":"https:\/\/clcsite.com\/wpstore1\/wp-json\/wp\/v2\/store?post=12222"},{"taxonomy":"product_brand","embeddable":true,"href":"https:\/\/clcsite.com\/wpstore1\/wp-json\/wp\/v2\/product_brand?post=12222"},{"taxonomy":"product_cat","embeddable":true,"href":"https:\/\/clcsite.com\/wpstore1\/wp-json\/wp\/v2\/product_cat?post=12222"},{"taxonomy":"product_tag","embeddable":true,"href":"https:\/\/clcsite.com\/wpstore1\/wp-json\/wp\/v2\/product_tag?post=12222"}],"curies":[{"name":"wp","href":"https:\/\/api.w.org\/{rel}","templated":true}]}}