{"id":15685,"date":"2024-08-10T20:13:54","date_gmt":"2024-08-10T20:13:54","guid":{"rendered":"https:\/\/clcsite.com\/wpstore1\/product\/ls2-gate-launch-adult-off-road-motorcycle-helmet-blue-hi-viz-large\/"},"modified":"2024-08-10T20:13:54","modified_gmt":"2024-08-10T20:13:54","slug":"ls2-gate-launch-adult-off-road-motorcycle-helmet-blue-hi-viz-large","status":"publish","type":"product","link":"https:\/\/clcsite.com\/wpstore1\/product\/ls2-gate-launch-adult-off-road-motorcycle-helmet-blue-hi-viz-large\/","title":{"rendered":"LS2 Gate Launch Adult Off-Road Motorcycle Helmet &#8211; Blue\/Hi-Viz \/ Large"},"content":{"rendered":"<p><br \/>\nPrice: <span style=\"color:#b12704\">$109.98<\/span><br \/><i><small>(as of Aug 10, 2024 20:13:54 UTC &#8211; <span class=\"wp_automatic_amazon_disclaimer\" title=\"Product prices and availability are accurate as of the date\/time indicated and are subject to change. Any price and availability information displayed on [relevant Amazon Site(s), as applicable] at the time of purchase will apply to the purchase of this product.\">Details<\/span>)<\/small><\/i><\/p>\n<p><br \/>\n <span>\u05d0\u05d5\u05dc\u05d9 \u05e7\u05e1\u05d3\u05ea \u05d4-mx \u05d4\u05d1\u05d8\u05d5\u05d7\u05d4 \u05d1\u05d9\u05d5\u05ea\u05e8 \u05de\u05e1\u05d5\u05d2\u05d4, \u05e7\u05e1\u05d3\u05ea \u05d4\u05de\u05d5\u05d8\u05d5\u05e7\u05e8\u05d5\u05e1 LS2 Gate \u05e2\u05dd \u05d4\u05e4\u05e0\u05d9\u05dd \u05d4\u05de\u05dc\u05d0 \u05de\u05e6\u05d9\u05e2\u05d4 \u05d8\u05db\u05e0\u05d5\u05dc\u05d5\u05d2\u05d9\u05d4 \u05d5\u05db\u05d5\u05dc\u05dc\u05ea \u05e7\u05e1\u05d3\u05d5\u05ea \u05de\u05ea\u05d7\u05e8\u05d5\u05ea \u05e9\u05de\u05d5\u05db\u05e8\u05d5\u05ea \u05d1\u05de\u05d7\u05d9\u05e8 \u05db\u05e4\u05d5\u05dc. \u05de\u05d0\u05d5\u05e9\u05e8 DOT. \u05e2\u05d5\u05de\u05d3 \u05d1\u05ea\u05e7\u05df FMVSS 218, \u05d4\u05de\u05d5\u05e6\u05e8 \u05e2\u05d5\u05de\u05d3 \u05d2\u05dd \u05d1\u05d3\u05e8\u05d9\u05e9\u05d5\u05ea \u05e9\u05d4\u05d5\u05d8\u05dc\u05d5 \u05e2\u05dc \u05d9\u05d3\u05d9 \u05de\u05d5\u05e2\u05e6\u05ea \u05de\u05e9\u05d0\u05d1\u05d9 \u05d4\u05d0\u05d5\u05d5\u05d9\u05e8 \u05e9\u05dc \u05e7\u05dc\u05d9\u05e4\u05d5\u05e8\u05e0\u05d9\u05d4 (CARB)<\/p>\n<p>Vielleicht der sicherste MX Helm seiner Klasse, der LS2 Helmets Gate Integralhelm bietet Technologie und verf\u00fcgt \u00fcber konkurrenzf\u00e4hige Helme, die doppelt so viel Preis verkauft werden. DOT genehmigt. Erf\u00fcllt den FMVSS 218 Standard, entspricht auch den Anforderungen des California Air Resources Board (CARB)<\/p>\n<p>\u0631\u0628\u0645\u0627 \u062a\u0643\u0648\u0646 \u062e\u0648\u0630\u0629 \u0627\u0645 \u0627\u0643\u0633 \u0627\u0644\u0623\u0643\u062b\u0631 \u0623\u0645\u0627\u0646\u064b\u0627 \u0641\u064a \u0641\u0626\u062a\u0647\u0627\u060c \u0641\u0625\u0646 \u062e\u0648\u0630\u0629 \u0627\u0644 \u0627\u0633 2 \u0647\u0644\u0645\u064a\u062a\u0633 \u062c\u064a\u062a \u0630\u0627\u062a \u0627\u0644\u0648\u062c\u0647 \u0627\u0644\u0643\u0627\u0645\u0644 \u062a\u0648\u0641\u0631 \u0627\u0644\u062a\u0643\u0646\u0648\u0644\u0648\u062c\u064a\u0627 \u0648\u062a\u062a\u0645\u064a\u0632 \u0628\u062e\u0648\u0630\u0627\u062a \u0645\u0646\u0627\u0641\u0633\u0629 \u062a\u0628\u064a\u0639 \u0636\u0639\u0641 \u0627\u0644\u0633\u0639\u0631. \u0645\u0639\u062a\u0645\u062f \u0645\u0646 \u0648\u0632\u0627\u0631\u0629 \u0627\u0644\u0646\u0642\u0644 \u0627\u0644\u0623\u0645\u0631\u064a\u0643\u064a\u0629. \u064a\u0644\u0628\u064a \u0645\u0639\u0627\u064a\u064a\u0631 FMVSS 218\u060c \u0643\u0645\u0627 \u064a\u0644\u0628\u064a \u0627\u0644\u0645\u0646\u062a\u062c \u0627\u0644\u0645\u062a\u0637\u0644\u0628\u0627\u062a \u0627\u0644\u062a\u064a \u062a\u0641\u0631\u0636\u0647\u0627 \u0645\u062c\u0644\u0633 \u0627\u0644\u0645\u0648\u0627\u0631\u062f \u0627\u0644\u062c\u0648\u064a\u0629 \u0641\u064a \u0643\u0627\u0644\u064a\u0641\u0648\u0631\u0646\u064a\u0627 (CARB)<\/p>\n<p>Talvez o capacete MX mais seguro de sua classe, o capacete LS2 Helmets Gate oferece tecnologia e possui capacetes rivais que vendem pelo dobro do pre\u00e7o. Aprovado pelo DOT. Atende ao padr\u00e3o FMVSS 218, o produto tamb\u00e9m atende aos requisitos impostos pelo California Air Resources Board (CARB)<\/p>\n<p>LS2 \u5b89\u5168\u5e3d\u4e5f\u8a31\u662f\u540c\u985e\u7522\u54c1\u4e2d\u6700\u5b89\u5168\u7684 mx \u982d\u76d4,\u5168\u7f69\u5f0f\u6469\u6258\u8eca\u8d8a\u91ce\u8cfd\u982d\u76d4\u63d0\u4f9b\u6280\u8853\u548c\u529f\u80fd,\u53ef\u552e\u50f9\u5169\u500d\u7684\u7af6\u722d\u982d\u76d4\u3002 DOT \u8a8d\u8b49\u3002 \u7b26\u5408 FMVSS 218 \u6a19\u6e96,\u7522\u54c1\u4e5f\u7b26\u5408\u52a0\u5dde\u7a7a\u6c23\u8cc7\u6e90\u59d4\u54e1\u6703 (CARB) \u898f\u5b9a\u7684\u8981\u6c42<\/p>\n<p>LS2 Helmets Gate \u5168\u8138\u6469\u6258\u8f66\u8d8a\u91ce\u5934\u76d4\u4e5f\u8bb8\u662f\u540c\u7c7b\u4ea7\u54c1\u4e2d\u6700\u5b89\u5168\u7684 mx \u5934\u76d4,\u63d0\u4f9b\u6280\u672f,\u5e76\u91c7\u7528\u4ee5\u53cc\u500d\u4ef7\u683c\u51fa\u552e\u7684\u5934\u76d4\u3002 DOT \u6279\u51c6\u3002 \u7b26\u5408 FMVSS 218 \u6807\u51c6,\u4ea7\u54c1\u4e5f\u7b26\u5408\u52a0\u5dde\u7a7a\u6c14\u8d44\u6e90\u59d4\u5458\u4f1a (CARB) \u65bd\u52a0\u7684\u8981\u6c42<\/span>  <br \/>Shell: Kpa (kinetic Polymer Alloy)<br \/>Visor: Fog, Scratch Resistant, UV Resistant<br \/>Ventilation: Flow Through<br \/>Retention System: Double D Ring<br \/>DOT Approved, Meets FMVSS 218 Standard<\/p>\n\n","protected":false},"excerpt":{"rendered":"<p> \u05d0\u05d5\u05dc\u05d9 \u05e7\u05e1\u05d3\u05ea \u05d4-mx \u05d4\u05d1\u05d8\u05d5\u05d7\u05d4 \u05d1\u05d9\u05d5\u05ea\u05e8 \u05de\u05e1\u05d5\u05d2\u05d4, \u05e7\u05e1\u05d3\u05ea \u05d4\u05de\u05d5\u05d8\u05d5\u05e7\u05e8\u05d5\u05e1 LS2 Gate \u05e2\u05dd \u05d4\u05e4\u05e0\u05d9\u05dd \u05d4\u05de\u05dc\u05d0 \u05de\u05e6\u05d9\u05e2\u05d4 \u05d8\u05db\u05e0\u05d5\u05dc\u05d5\u05d2\u05d9\u05d4 \u05d5\u05db\u05d5\u05dc\u05dc\u05ea \u05e7\u05e1\u05d3\u05d5\u05ea \u05de\u05ea\u05d7\u05e8\u05d5\u05ea \u05e9\u05de\u05d5\u05db\u05e8\u05d5\u05ea \u05d1\u05de\u05d7\u05d9\u05e8 \u05db\u05e4\u05d5\u05dc. \u05de\u05d0\u05d5\u05e9\u05e8 DOT. \u05e2\u05d5\u05de\u05d3 \u05d1\u05ea\u05e7\u05df FMVSS 218, \u05d4\u05de\u05d5\u05e6\u05e8 \u05e2\u05d5\u05de\u05d3 \u05d2\u05dd \u05d1\u05d3\u05e8\u05d9\u05e9\u05d5\u05ea \u05e9\u05d4\u05d5\u05d8\u05dc\u05d5 \u05e2\u05dc \u05d9\u05d3\u05d9 \u05de\u05d5\u05e2\u05e6\u05ea \u05de\u05e9\u05d0\u05d1\u05d9 \u05d4\u05d0\u05d5\u05d5\u05d9\u05e8 \u05e9\u05dc \u05e7\u05dc\u05d9\u05e4\u05d5\u05e8\u05e0\u05d9\u05d4 (CARB) Vielleicht der sicherste MX Helm seiner Klasse, der LS2 Helmets [&hellip;]<\/p>\n","protected":false},"featured_media":15686,"comment_status":"open","ping_status":"closed","template":"","meta":{"_gspb_post_css":""},"store":[],"product_brand":[],"product_cat":[197],"product_tag":[143],"class_list":{"0":"post-15685","1":"product","2":"type-product","3":"status-publish","4":"has-post-thumbnail","6":"product_cat-motorcycle-helmets","7":"product_tag-women-shoes","9":"first","10":"instock","11":"shipping-taxable","12":"product-type-external"},"jetpack_sharing_enabled":true,"_links":{"self":[{"href":"https:\/\/clcsite.com\/wpstore1\/wp-json\/wp\/v2\/product\/15685","targetHints":{"allow":["GET"]}}],"collection":[{"href":"https:\/\/clcsite.com\/wpstore1\/wp-json\/wp\/v2\/product"}],"about":[{"href":"https:\/\/clcsite.com\/wpstore1\/wp-json\/wp\/v2\/types\/product"}],"replies":[{"embeddable":true,"href":"https:\/\/clcsite.com\/wpstore1\/wp-json\/wp\/v2\/comments?post=15685"}],"wp:featuredmedia":[{"embeddable":true,"href":"https:\/\/clcsite.com\/wpstore1\/wp-json\/wp\/v2\/media\/15686"}],"wp:attachment":[{"href":"https:\/\/clcsite.com\/wpstore1\/wp-json\/wp\/v2\/media?parent=15685"}],"wp:term":[{"taxonomy":"store","embeddable":true,"href":"https:\/\/clcsite.com\/wpstore1\/wp-json\/wp\/v2\/store?post=15685"},{"taxonomy":"product_brand","embeddable":true,"href":"https:\/\/clcsite.com\/wpstore1\/wp-json\/wp\/v2\/product_brand?post=15685"},{"taxonomy":"product_cat","embeddable":true,"href":"https:\/\/clcsite.com\/wpstore1\/wp-json\/wp\/v2\/product_cat?post=15685"},{"taxonomy":"product_tag","embeddable":true,"href":"https:\/\/clcsite.com\/wpstore1\/wp-json\/wp\/v2\/product_tag?post=15685"}],"curies":[{"name":"wp","href":"https:\/\/api.w.org\/{rel}","templated":true}]}}