{"id":18119,"date":"2024-08-22T22:21:49","date_gmt":"2024-08-22T22:21:49","guid":{"rendered":"https:\/\/clcsite.com\/wpstore1\/product\/polisport-helmet-kid-princess-blanco-rosa\/"},"modified":"2024-08-22T22:21:49","modified_gmt":"2024-08-22T22:21:49","slug":"polisport-helmet-kid-princess-blanco-rosa","status":"publish","type":"product","link":"https:\/\/clcsite.com\/wpstore1\/product\/polisport-helmet-kid-princess-blanco-rosa\/","title":{"rendered":"Polisport Helmet Kid Princess Blanco-rosa"},"content":{"rendered":"<p><br \/>\nPrice: <span style=\"color:#b12704\">$32.99<\/span><br \/><i><small>(as of Aug 22, 2024 22:21:49 UTC &#8211; <span class=\"wp_automatic_amazon_disclaimer\" title=\"Product prices and availability are accurate as of the date\/time indicated and are subject to change. Any price and availability information displayed on [relevant Amazon Site(s), as applicable] at the time of purchase will apply to the purchase of this product.\">Details<\/span>)<\/small><\/i><\/p>\n<p><br \/>\n <span>Ce casque plein de couleurs a \u00e9t\u00e9 con\u00e7u pour que chaque voyage soit v\u00e9ritablement agr\u00e9able. Il propose plus que du confort et de la s\u00e9curit\u00e9.<\/span><span> Fabrication: Fabrication : Glue-On Ouvertures: 12 Sangles de s\u00e9curit\u00e9 ajustables sur 3 positions. Filet anti-moustiques.Syst\u00e8me de blocage rapide. int\u00e9rieur lavables. <\/span><span>Conforme \u00e0 la norme EN 1078 relatives aux casques de cyclisme, patins et skate. Ne convient pas aux sports motoris\u00e9s.<\/span><br \/><span class=\"a-text-bold\">Taille<\/span><br \/><span>XS: 46 &#8211; 53 cm<\/span><br \/>White \/ Pink<\/p>\n\n","protected":false},"excerpt":{"rendered":"<p> Ce casque plein de couleurs a \u00e9t\u00e9 con\u00e7u pour que chaque voyage soit v\u00e9ritablement agr\u00e9able. Il propose plus que du confort et de la s\u00e9curit\u00e9. Fabrication: Fabrication : Glue-On Ouvertures: 12 Sangles de s\u00e9curit\u00e9 ajustables sur 3 positions. Filet anti-moustiques.Syst\u00e8me de blocage rapide. int\u00e9rieur lavables. Conforme \u00e0 la norme EN [&hellip;]<\/p>\n","protected":false},"featured_media":18120,"comment_status":"open","ping_status":"closed","template":"","meta":{"_gspb_post_css":""},"store":[],"product_brand":[],"product_cat":[197],"product_tag":[143],"class_list":{"0":"post-18119","1":"product","2":"type-product","3":"status-publish","4":"has-post-thumbnail","6":"product_cat-motorcycle-helmets","7":"product_tag-women-shoes","9":"first","10":"instock","11":"shipping-taxable","12":"product-type-external"},"jetpack_sharing_enabled":true,"_links":{"self":[{"href":"https:\/\/clcsite.com\/wpstore1\/wp-json\/wp\/v2\/product\/18119","targetHints":{"allow":["GET"]}}],"collection":[{"href":"https:\/\/clcsite.com\/wpstore1\/wp-json\/wp\/v2\/product"}],"about":[{"href":"https:\/\/clcsite.com\/wpstore1\/wp-json\/wp\/v2\/types\/product"}],"replies":[{"embeddable":true,"href":"https:\/\/clcsite.com\/wpstore1\/wp-json\/wp\/v2\/comments?post=18119"}],"wp:featuredmedia":[{"embeddable":true,"href":"https:\/\/clcsite.com\/wpstore1\/wp-json\/wp\/v2\/media\/18120"}],"wp:attachment":[{"href":"https:\/\/clcsite.com\/wpstore1\/wp-json\/wp\/v2\/media?parent=18119"}],"wp:term":[{"taxonomy":"store","embeddable":true,"href":"https:\/\/clcsite.com\/wpstore1\/wp-json\/wp\/v2\/store?post=18119"},{"taxonomy":"product_brand","embeddable":true,"href":"https:\/\/clcsite.com\/wpstore1\/wp-json\/wp\/v2\/product_brand?post=18119"},{"taxonomy":"product_cat","embeddable":true,"href":"https:\/\/clcsite.com\/wpstore1\/wp-json\/wp\/v2\/product_cat?post=18119"},{"taxonomy":"product_tag","embeddable":true,"href":"https:\/\/clcsite.com\/wpstore1\/wp-json\/wp\/v2\/product_tag?post=18119"}],"curies":[{"name":"wp","href":"https:\/\/api.w.org\/{rel}","templated":true}]}}